{"id":556,"date":"2019-11-18T18:24:18","date_gmt":"2019-11-18T17:24:18","guid":{"rendered":"http:\/\/www.mapaki.at\/?page_id=556"},"modified":"2019-11-18T18:32:32","modified_gmt":"2019-11-18T17:32:32","slug":"plakate","status":"publish","type":"page","link":"https:\/\/www.mapaki.at\/es\/plakate\/","title":{"rendered":"Plakate"},"content":{"rendered":"<p><a href=\"http:\/\/www.mapaki.at\/wp-content\/uploads\/2019\/11\/MapakiStrassenfest08foto_A4_standard.pdf\">Stra\u00dfenfest 2008<\/a><\/p>\n<p><a href=\"http:\/\/www.mapaki.at\/wp-content\/uploads\/2019\/11\/MapakiStrassenfest09_A4kl.pdf\">Stra\u00dfenfest 2009<\/a><\/p>\n<p><a href=\"http:\/\/www.mapaki.at\/wp-content\/uploads\/2019\/11\/MapakiStrassenfest10_A4_klein.pdf\">Stra\u00dfenfest 2010<\/a><\/p>\n<p><a href=\"http:\/\/www.mapaki.at\/wp-content\/uploads\/2019\/11\/MapakiVortrag10_klein-1.pdf\">Bildervortrag 2010<\/a><\/p>\n<p><a href=\"http:\/\/www.mapaki.at\/wp-content\/uploads\/2019\/11\/MapakiStrassenfest11_A4_klein.pdf\">Stra\u00dfenfest 2011<\/a><\/p>\n<p><a href=\"http:\/\/www.mapaki.at\/wp-content\/uploads\/2019\/11\/MapakiVortrag11Haslach.pdf\">Bildvortrag Stefan Kitzberger<\/a><\/p>\n<p><a href=\"http:\/\/www.mapaki.at\/wp-content\/uploads\/2019\/11\/A2_plak_10_11_web.pdf\">Weihnachtsmarkt im Centro<\/a><\/p>\n<p><a href=\"http:\/\/www.mapaki.at\/wp-content\/uploads\/2019\/11\/MapakiStrassenfest12_A4.pdf\">Stra\u00dfenfest 2012<\/a><\/p>\n<p><a href=\"http:\/\/www.mapaki.at\/wp-content\/uploads\/2019\/11\/MapakiStrassenfest13_A4.pdf\">Stra\u00dfenfest 2013<\/a><\/p>\n<p><a href=\"http:\/\/www.mapaki.at\/wp-content\/uploads\/2019\/11\/MapakiStrassenfest15_A4.pdf\">Stra\u00dfenfest 2015<\/a><\/p>\n","protected":false},"excerpt":{"rendered":"<p>Stra\u00dfenfest 2008 Stra\u00dfenfest 2009 Stra\u00dfenfest 2010 Bildervortrag 2010 Stra\u00dfenfest 2011 Bildvortrag Stefan Kitzberger Weihnachtsmarkt im Centro Stra\u00dfenfest 2012 Stra\u00dfenfest 2013 Stra\u00dfenfest 2015<\/p>\n","protected":false},"author":2,"featured_media":0,"parent":0,"menu_order":0,"comment_status":"closed","ping_status":"closed","template":"","meta":{"ngg_post_thumbnail":0,"footnotes":""},"class_list":["post-556","page","type-page","status-publish","hentry"],"translation":{"provider":"WPGlobus","version":"3.0.2","language":"es","enabled_languages":["de","es"],"languages":{"de":{"title":true,"content":true,"excerpt":false},"es":{"title":false,"content":false,"excerpt":false}}},"_links":{"self":[{"href":"https:\/\/www.mapaki.at\/es\/wp-json\/wp\/v2\/pages\/556","targetHints":{"allow":["GET"]}}],"collection":[{"href":"https:\/\/www.mapaki.at\/es\/wp-json\/wp\/v2\/pages"}],"about":[{"href":"https:\/\/www.mapaki.at\/es\/wp-json\/wp\/v2\/types\/page"}],"author":[{"embeddable":true,"href":"https:\/\/www.mapaki.at\/es\/wp-json\/wp\/v2\/users\/2"}],"replies":[{"embeddable":true,"href":"https:\/\/www.mapaki.at\/es\/wp-json\/wp\/v2\/comments?post=556"}],"version-history":[{"count":3,"href":"https:\/\/www.mapaki.at\/es\/wp-json\/wp\/v2\/pages\/556\/revisions"}],"predecessor-version":[{"id":576,"href":"https:\/\/www.mapaki.at\/es\/wp-json\/wp\/v2\/pages\/556\/revisions\/576"}],"wp:attachment":[{"href":"https:\/\/www.mapaki.at\/es\/wp-json\/wp\/v2\/media?parent=556"}],"curies":[{"name":"wp","href":"https:\/\/api.w.org\/{rel}","templated":true}]}}