{"id":49,"date":"2019-06-19T13:45:17","date_gmt":"2019-06-19T11:45:17","guid":{"rendered":"http:\/\/www.mapaki.at\/?page_id=49"},"modified":"2020-09-02T16:26:10","modified_gmt":"2020-09-02T14:26:10","slug":"oesterreich","status":"publish","type":"page","link":"https:\/\/www.mapaki.at\/es\/oesterreich\/","title":{"rendered":"Contacto en Austria"},"content":{"rendered":"\n<p><strong>Adresse F\u00f6rderverein MaPaKi<\/strong><\/p>\n\n\n\n<p>MaPaKi &#8211; Asociaci\u00f3n de Apoyo a la Iniciativa para ni\u00f1os en situaci\u00f3n de calle en Bolivia Maya Paya Kimsa<br>Hartmannsdorf 22<br>4170 Haslach, Austria<br>Tel.: 07289\/71487<br><a rel=\"noreferrer noopener\" href=\"https:\/\/www.mapaki.at\" target=\"_blank\">www.mapaki.at<\/a><br>verein@mapaki.at<br>ZVR-Nr.: 91 77 45 657<\/p>\n\n\n\n<p><strong>Presidenta MaPaKi Austria<\/strong><\/p>\n\n\n\n<p>Erna Friedl<br>Grubberg 46<br>4170 Haslach, Austria<br>Tel.: +43 664 5032931<\/p>\n\n\n\n<p>friedl.erna@gmail.com<\/p>\n\n\n\n<p><strong>Contacto para donaciones en Austria<\/strong><br><strong> Stra\u00dfenkinder<\/strong><\/p>\n\n\n\n<p>Sparkasse M\u00fchlviertel-West<br>Blz: 20334<br>Kto.-Nr.: 4200-000042<br>iban: AT632033404200000042<br>bic: SMWRAT21<\/p>\n\n\n\n<p><strong>Membres\u00eda:<\/strong><\/p>\n\n\n\n<p>Si quieres apoyar el trabajo de la Asociaci\u00f3n MaPaKi con un aporte voluntario cada cierto tiempo, puedes incribierte, bajarte el <a href=\"http:\/\/www.mapaki.at\/wp-content\/uploads\/2019\/06\/Beitrittserklaerung.pdf\" target=\"_blank\" rel=\"noreferrer noopener\" aria-label=\" (\u00f6ffnet in neuem Tab)\">formulario de registro<\/a> y enviarlo por correo a la direcci\u00f3n de la Asociaci\u00f3n MaPaKi.<\/p>\n","protected":false},"excerpt":{"rendered":"<p>Adresse F\u00f6rderverein MaPaKi MaPaKi &#8211; Asociaci\u00f3n de Apoyo a la Iniciativa para ni\u00f1os en situaci\u00f3n de calle en Bolivia Maya Paya KimsaHartmannsdorf 224170 Haslach, AustriaTel.: 07289\/71487www.mapaki.atverein@mapaki.atZVR-Nr.: 91 77 45 657 Presidenta MaPaKi Austria Erna FriedlGrubberg 464170 Haslach, AustriaTel.: +43 664 5032931 friedl.erna@gmail.com Contacto para donaciones en Austria Stra\u00dfenkinder Sparkasse M\u00fchlviertel-WestBlz: 20334Kto.-Nr.: 4200-000042iban: AT632033404200000042bic: SMWRAT21 Membres\u00eda: [&hellip;]<\/p>\n","protected":false},"author":5,"featured_media":0,"parent":0,"menu_order":0,"comment_status":"closed","ping_status":"closed","template":"","meta":{"ngg_post_thumbnail":0,"footnotes":""},"class_list":["post-49","page","type-page","status-publish","hentry"],"translation":{"provider":"WPGlobus","version":"3.0.2","language":"es","enabled_languages":["de","es"],"languages":{"de":{"title":true,"content":true,"excerpt":false},"es":{"title":true,"content":true,"excerpt":false}}},"_links":{"self":[{"href":"https:\/\/www.mapaki.at\/es\/wp-json\/wp\/v2\/pages\/49","targetHints":{"allow":["GET"]}}],"collection":[{"href":"https:\/\/www.mapaki.at\/es\/wp-json\/wp\/v2\/pages"}],"about":[{"href":"https:\/\/www.mapaki.at\/es\/wp-json\/wp\/v2\/types\/page"}],"author":[{"embeddable":true,"href":"https:\/\/www.mapaki.at\/es\/wp-json\/wp\/v2\/users\/5"}],"replies":[{"embeddable":true,"href":"https:\/\/www.mapaki.at\/es\/wp-json\/wp\/v2\/comments?post=49"}],"version-history":[{"count":27,"href":"https:\/\/www.mapaki.at\/es\/wp-json\/wp\/v2\/pages\/49\/revisions"}],"predecessor-version":[{"id":3305,"href":"https:\/\/www.mapaki.at\/es\/wp-json\/wp\/v2\/pages\/49\/revisions\/3305"}],"wp:attachment":[{"href":"https:\/\/www.mapaki.at\/es\/wp-json\/wp\/v2\/media?parent=49"}],"curies":[{"name":"wp","href":"https:\/\/api.w.org\/{rel}","templated":true}]}}