{"id":27,"date":"2019-06-19T13:28:44","date_gmt":"2019-06-19T11:28:44","guid":{"rendered":"http:\/\/www.mapaki.at\/?page_id=27"},"modified":"2025-05-20T14:34:08","modified_gmt":"2025-05-20T12:34:08","slug":"links","status":"publish","type":"page","link":"https:\/\/www.mapaki.at\/es\/links\/","title":{"rendered":"Links"},"content":{"rendered":"<p><a href=\"https:\/\/www.mayapayakimsa.org\" target=\"_blank\" rel=\"noopener noreferrer\">Maya Paya Kimsa in Bolivien<\/a><\/p>\n<p><b>Zu den Unterst\u00fctzern<\/b><\/p>\n<p><a href=\"https:\/\/www.entwicklung.at\/\" target=\"_blank\" rel=\"noopener noreferrer\">\u00d6sterreichische Entwicklungszusammenarbeit<\/a><\/p>\n<p class=\"textlink\"><a href=\"http:\/\/www.dka.at\/\" target=\"_blank\" rel=\"noopener noreferrer\">Dreik\u00f6nigsaktion<\/a><\/p>\n<p><a href=\"https:\/\/www.mmf.li\" target=\"_blank\" rel=\"noopener noreferrer\">Maria Marina Foundation<\/a><\/p>\n<p><a href=\"https:\/\/www.kindernothilfe.de\" target=\"_blank\" rel=\"noopener noreferrer\">Kindernothilfe<\/a><\/p>\n<p class=\"textlink\"><a href=\"http:\/\/teacher.schule.at\/EineWelt\/index2.php?projekte=bolivien3_brief\" target=\"_blank\" rel=\"noopener noreferrer\">Eine WELT f\u00fcr ALLE<\/a><\/p>\n<p class=\"textlink\"><a title=\"Verein Initiative Esperanza Tirol\" href=\"http:\/\/www.initiative-esperanza.at\/\" target=\"_blank\" rel=\"noopener noreferrer\">Verein Initiative Esperanza Tirol<\/a><\/p>\n<p class=\"textlink\"><a href=\"http:\/\/www.bankettfuermillionen.de\/\" target=\"_blank\" rel=\"noopener noreferrer\">Bankett f\u00fcr Millionen&nbsp;<\/a><\/p>\n<p class=\"textlink\"><a href=\"http:\/\/www.oew.org\/\" target=\"_blank\" rel=\"noopener noreferrer\">Organisation f\u00fcr eine Solidarische Welt<\/a><\/p>\n<p class=\"textlink\"><a href=\"http:\/\/www.haslach.at\/\" target=\"_blank\" rel=\"noopener noreferrer\">Gemeinde Haslach<\/a><\/p>\n<p class=\"textlink\"><a href=\"https:\/\/www.dioezese-linz.at\/pfarre\/4123\" target=\"_blank\" rel=\"noopener noreferrer\">Pfarre Haslach<\/a><\/p>\n<p class=\"textlink\"><a href=\"http:\/\/www.smw.at\/\" target=\"_blank\" rel=\"noopener noreferrer\">Sparkasse M\u00fchlviertel West<\/a><\/p>\n<p class=\"textlink\"><a href=\"http:\/\/www.buergerkorps-haslach.at\/\" target=\"_blank\" rel=\"noopener noreferrer\">B\u00fcrgergarde Haslach<\/a><\/p>\n<p class=\"textlink\"><a href=\"https:\/\/haslach.spooe.at\/\" target=\"_blank\" rel=\"noopener noreferrer\">SP\u00d6 Haslach<\/a><\/p>\n<p class=\"textlink\"><a href=\"http:\/\/www.haslach-aktiv.at\/\" target=\"_blank\" rel=\"noopener noreferrer\">Haslach Aktiv<\/a><\/p>\n<p class=\"textlink\"><a href=\"http:\/\/www.huepfburg-verleih.at\" target=\"_blank\" rel=\"noopener noreferrer\">H\u00fcpfburg-Verleih Hofer<\/a><\/p>\n<p><a href=\"https:\/\/www.spar.at\/standorte\/spar-haslach-an-der-muehl-4170-am-bach-20\" target=\"_blank\" rel=\"noopener\">SPAR Walchshofer Haslach<\/a><\/p>\n<p><a href=\"https:\/\/unimarkt.at\/standorte\/unimarkt-haslach\/\" target=\"_blank\" rel=\"noopener\">UNIMARKT Gierlinger Haslach<\/a><\/p>\n<p><a href=\"https:\/\/www.colorduo.at\/\" target=\"_blank\" rel=\"noopener\">Color Duo<\/a><\/p>\n<p class=\"textlink\"><a href=\"http:\/\/www.fahrschule-euroline.at\/\" target=\"_blank\" rel=\"noopener noreferrer\">Fahrschule Euroline Inh. Leitner<\/a><\/p>\n<p class=\"textlink\"><a href=\"http:\/\/www.sunnseitn.org\/\" target=\"_blank\" rel=\"noopener noreferrer\">Sunnseitn<\/a><\/p>\n<p class=\"textlink\"><a href=\"http:\/\/www.oenj.at\/\" target=\"_blank\" rel=\"noopener noreferrer\">\u00d6NJ<\/a><\/p>\n","protected":false},"excerpt":{"rendered":"<p>Maya Paya Kimsa in Bolivien Zu den Unterst\u00fctzern \u00d6sterreichische Entwicklungszusammenarbeit Dreik\u00f6nigsaktion Maria Marina Foundation Kindernothilfe Eine WELT f\u00fcr ALLE Verein Initiative Esperanza Tirol Bankett f\u00fcr Millionen&nbsp; Organisation f\u00fcr eine Solidarische Welt Gemeinde Haslach Pfarre Haslach Sparkasse M\u00fchlviertel West B\u00fcrgergarde Haslach SP\u00d6 Haslach Haslach Aktiv H\u00fcpfburg-Verleih Hofer SPAR Walchshofer Haslach UNIMARKT Gierlinger Haslach Color Duo Fahrschule [&hellip;]<\/p>\n","protected":false},"author":5,"featured_media":0,"parent":0,"menu_order":0,"comment_status":"closed","ping_status":"closed","template":"","meta":{"ngg_post_thumbnail":0,"footnotes":""},"class_list":["post-27","page","type-page","status-publish","hentry"],"translation":{"provider":"WPGlobus","version":"3.0.2","language":"es","enabled_languages":["de","es"],"languages":{"de":{"title":true,"content":true,"excerpt":false},"es":{"title":false,"content":false,"excerpt":false}}},"_links":{"self":[{"href":"https:\/\/www.mapaki.at\/es\/wp-json\/wp\/v2\/pages\/27","targetHints":{"allow":["GET"]}}],"collection":[{"href":"https:\/\/www.mapaki.at\/es\/wp-json\/wp\/v2\/pages"}],"about":[{"href":"https:\/\/www.mapaki.at\/es\/wp-json\/wp\/v2\/types\/page"}],"author":[{"embeddable":true,"href":"https:\/\/www.mapaki.at\/es\/wp-json\/wp\/v2\/users\/5"}],"replies":[{"embeddable":true,"href":"https:\/\/www.mapaki.at\/es\/wp-json\/wp\/v2\/comments?post=27"}],"version-history":[{"count":18,"href":"https:\/\/www.mapaki.at\/es\/wp-json\/wp\/v2\/pages\/27\/revisions"}],"predecessor-version":[{"id":3504,"href":"https:\/\/www.mapaki.at\/es\/wp-json\/wp\/v2\/pages\/27\/revisions\/3504"}],"wp:attachment":[{"href":"https:\/\/www.mapaki.at\/es\/wp-json\/wp\/v2\/media?parent=27"}],"curies":[{"name":"wp","href":"https:\/\/api.w.org\/{rel}","templated":true}]}}